{"id":21,"date":"2025-09-28T06:48:32","date_gmt":"2025-09-28T06:48:32","guid":{"rendered":"http:\/\/www.test.orthochatou.fr\/?page_id=21"},"modified":"2025-10-30T21:03:21","modified_gmt":"2025-10-30T21:03:21","slug":"incidents-et-urgences","status":"publish","type":"page","link":"https:\/\/www.orthochatou.fr\/index.php\/incidents-et-urgences\/","title":{"rendered":"incidents et urgences"},"content":{"rendered":"\n<section style=\"background-color: #f8f8f8; padding: 20px;\">\n  <h2>Incidents et urgences<\/h2>\n  <p>\n    Au cours d\u2019un traitement d\u2019orthodontie, des incidents peuvent se produire. La plupart des probl\u00e8mes peuvent \u00eatre r\u00e9solus par le patient, \u00e9vitant ainsi un d\u00e9placement. Retrouvez ci-dessous les incidents les plus fr\u00e9quents et des conseils pour les situations d\u2019urgence.\n  <\/p>\n\n  <div style=\"display: flex; align-items: center; margin-bottom: 20px;\">\n    <img decoding=\"async\" src=\"http:\/\/www.orthochatou.fr\/wp-content\/uploads\/2025\/10\/bracket_decolle.jpg\" \n         alt=\"Bracket d\u00e9coll\u00e9\" \n         style=\"width:300px; margin-right:20px;\">\n    <div>\n      <h3>Bracket d\u00e9coll\u00e9<\/h3>\n      <p>\n        Une seule attache d\u00e9coll\u00e9e ne compromettra pas le traitement. Le bracket restera accroch\u00e9 au fil sans risque de tomber.\n      <\/p>\n      <p>\n        En cas de douleur ou si un \u00e9lastique s\u2019accroche \u00e0 l\u2019attache, appelez le cabinet pour un rendez-vous d\u2019urgence. Sinon, contactez le cabinet pour avancer votre prochain rendez-vous.\n      <\/p>\n    <\/div>\n  <\/div>\n\n    <!-- Nouvelle section ajout\u00e9e -->\n  <div style=\"display: flex; align-items: center; margin-bottom: 20px;\">\n    <img decoding=\"async\" src=\"http:\/\/www.orthochatou.fr\/wp-content\/uploads\/2025\/10\/Perte-ligatures-e1761858028833.jpg\" \n         alt=\"Perte d'une ligature\" \n         style=\"width:300px; margin-right:20px; border-radius:8px;\">\n    <div>\n <h3>Perte d\u2019une ligature \u00e9lastique ou m\u00e9tallique<\/h3>\n    <p>Elle sera remise au prochain rendez-vous.<\/p>\n      <p>\n        Exemple visuel d\u2019une perte de ligature. Ce type d\u2019incident est b\u00e9nin mais doit \u00eatre signal\u00e9 lors du prochain rendez-vous pour permettre le remplacement de la ligature.\n      <\/p>\n    <\/div>\n  <\/div>\n \n\n  <div style=\"display: flex; align-items: center; margin-bottom: 20px;\">\n    <img decoding=\"async\" src=\"http:\/\/www.orthochatou.fr\/wp-content\/uploads\/2025\/10\/cire-dentaire.jpg\" \n         alt=\"Blessure due au frottement\" \n         style=\"width:300px; margin-right:20px;\">\n    <div>\n      <h3>Blessure due au frottement<\/h3>\n      <p>\n        En cas de blessure due au frottement d\u2019un bracket, appliquez sur la zone la cire fournie lors de la pose de votre appareil.\n      <\/p>\n    <\/div>\n  <\/div>\n\n  <div style=\"display: flex; align-items: center; margin-bottom: 20px;\">\n    <img decoding=\"async\" src=\"http:\/\/www.orthochatou.fr\/wp-content\/uploads\/2025\/10\/Thoron_illustr.png\" \n         alt=\"Toron m\u00e9tallique d\u00e9pli\u00e9\" \n         style=\"width:300px; margin-right:20px;\">\n    <div>\n      <h3>Toron m\u00e9tallique d\u00e9pli\u00e9<\/h3>\n      <p>\n        Essayez de rabattre le toron en direction de la gencive avec l\u2019extr\u00e9mit\u00e9 en gomme d\u2019un crayon \u00e0 papier.\n      <\/p>\n    <\/div>\n  <\/div>\n\n  <div style=\"display: flex; align-items: center; margin-bottom: 20px;\">\n    <img decoding=\"async\" src=\"http:\/\/www.orthochatou.fr\/wp-content\/uploads\/2025\/10\/filquipique.jpg\" \n         alt=\"Fil qui pique\" \n         style=\"width:300px; margin-right:20px;\">\n    <div>\n      <h3>Fil qui pique<\/h3>\n      <p>\n        Si le fil blesse, essayez de couper l\u2019extr\u00e9mit\u00e9 de l\u2019arc avec une pince coupante. Sinon, recouvrez le fil blessant de cire et contactez le cabinet pour un rendez-vous d\u2019urgence.\n      <\/p>\n    <\/div>\n  <\/div>\n<\/section>\n\n","protected":false},"excerpt":{"rendered":"<p>Incidents et urgences Au cours d\u2019un traitement d\u2019orthodontie, des incidents peuvent se produire. La plupart des probl\u00e8mes peuvent \u00eatre r\u00e9solus par le patient, \u00e9vitant ainsi un d\u00e9placement. Retrouvez ci-dessous les incidents les plus fr\u00e9quents et des conseils pour les situations d\u2019urgence. Bracket d\u00e9coll\u00e9 Une seule attache d\u00e9coll\u00e9e ne compromettra pas le traitement. Le bracket restera [&hellip;]<\/p>\n","protected":false},"author":1,"featured_media":0,"parent":0,"menu_order":0,"comment_status":"closed","ping_status":"closed","template":"","meta":{"footnotes":""},"class_list":["post-21","page","type-page","status-publish","hentry"],"_links":{"self":[{"href":"https:\/\/www.orthochatou.fr\/index.php\/wp-json\/wp\/v2\/pages\/21","targetHints":{"allow":["GET"]}}],"collection":[{"href":"https:\/\/www.orthochatou.fr\/index.php\/wp-json\/wp\/v2\/pages"}],"about":[{"href":"https:\/\/www.orthochatou.fr\/index.php\/wp-json\/wp\/v2\/types\/page"}],"author":[{"embeddable":true,"href":"https:\/\/www.orthochatou.fr\/index.php\/wp-json\/wp\/v2\/users\/1"}],"replies":[{"embeddable":true,"href":"https:\/\/www.orthochatou.fr\/index.php\/wp-json\/wp\/v2\/comments?post=21"}],"version-history":[{"count":21,"href":"https:\/\/www.orthochatou.fr\/index.php\/wp-json\/wp\/v2\/pages\/21\/revisions"}],"predecessor-version":[{"id":708,"href":"https:\/\/www.orthochatou.fr\/index.php\/wp-json\/wp\/v2\/pages\/21\/revisions\/708"}],"wp:attachment":[{"href":"https:\/\/www.orthochatou.fr\/index.php\/wp-json\/wp\/v2\/media?parent=21"}],"curies":[{"name":"wp","href":"https:\/\/api.w.org\/{rel}","templated":true}]}}