{"id":22,"date":"2025-09-28T06:48:32","date_gmt":"2025-09-28T06:48:32","guid":{"rendered":"http:\/\/www.test.orthochatou.fr\/?page_id=22"},"modified":"2025-10-15T19:51:36","modified_gmt":"2025-10-15T19:51:36","slug":"portail-patient","status":"publish","type":"page","link":"https:\/\/www.orthochatou.fr\/index.php\/portail-patient\/","title":{"rendered":"portail patient"},"content":{"rendered":"<section class=\"patient-portal py-5\" style=\"background-color:#f5f9fa;\">\n<div class=\"container text-center\">\n<h2 class=\"mb-3\" style=\"color:#005f73;\">Portail Patient<\/h2>\n<p class=\"lead mb-4\">Bienvenue sur le portail patient du cabinet du Dr LOUIN.<\/p>\n<p><strong>En vous connectant \u00e0 votre espace, vous pourrez :<\/strong><\/p>\n<ul class=\"list-unstyled mb-4\" style=\"display: inline-block; text-align: left;\">\n<li> Consulter vos prochains rendez-vous<\/li>\n<li> Conna\u00eetre le montant de vos r\u00e8glements<\/li>\n<li> Payer en ligne<\/li>\n<li> Acc\u00e9der \u00e0 vos photos<\/li>\n<li> Mettre \u00e0 jour vos donn\u00e9es personnelles<\/li>\n<\/ul>\n<div class=\"mt-4\">\n      <a href=\"https:\/\/orthochatou.caborthodontie.com\/patient\/login.php\" \n         class=\"btn btn-primary btn-lg px-5 py-3\" \n         style=\"background-color:#36c1e2; border:none; border-radius:8px; display:inline-block;\"><br \/>\n        Acc\u00e9der \u00e0 mon espace patient<br \/>\n      <\/a>\n    <\/div>\n<\/p><\/div>\n<\/section>\n","protected":false},"excerpt":{"rendered":"<p>Portail Patient Bienvenue sur le portail patient du cabinet du Dr LOUIN. En vous connectant \u00e0 votre espace, vous pourrez : Consulter vos prochains rendez-vous Conna\u00eetre le montant de vos r\u00e8glements Payer en ligne Acc\u00e9der \u00e0 vos photos Mettre \u00e0 jour vos donn\u00e9es personnelles Acc\u00e9der \u00e0 mon espace patient<\/p>\n","protected":false},"author":1,"featured_media":0,"parent":0,"menu_order":0,"comment_status":"closed","ping_status":"closed","template":"","meta":{"footnotes":""},"class_list":["post-22","page","type-page","status-publish","hentry"],"_links":{"self":[{"href":"https:\/\/www.orthochatou.fr\/index.php\/wp-json\/wp\/v2\/pages\/22","targetHints":{"allow":["GET"]}}],"collection":[{"href":"https:\/\/www.orthochatou.fr\/index.php\/wp-json\/wp\/v2\/pages"}],"about":[{"href":"https:\/\/www.orthochatou.fr\/index.php\/wp-json\/wp\/v2\/types\/page"}],"author":[{"embeddable":true,"href":"https:\/\/www.orthochatou.fr\/index.php\/wp-json\/wp\/v2\/users\/1"}],"replies":[{"embeddable":true,"href":"https:\/\/www.orthochatou.fr\/index.php\/wp-json\/wp\/v2\/comments?post=22"}],"version-history":[{"count":11,"href":"https:\/\/www.orthochatou.fr\/index.php\/wp-json\/wp\/v2\/pages\/22\/revisions"}],"predecessor-version":[{"id":519,"href":"https:\/\/www.orthochatou.fr\/index.php\/wp-json\/wp\/v2\/pages\/22\/revisions\/519"}],"wp:attachment":[{"href":"https:\/\/www.orthochatou.fr\/index.php\/wp-json\/wp\/v2\/media?parent=22"}],"curies":[{"name":"wp","href":"https:\/\/api.w.org\/{rel}","templated":true}]}}