{"id":474,"date":"2025-10-14T21:29:03","date_gmt":"2025-10-14T21:29:03","guid":{"rendered":"http:\/\/www.test.orthochatou.fr\/?page_id=474"},"modified":"2025-10-30T21:30:23","modified_gmt":"2025-10-30T21:30:23","slug":"premiere-consultation","status":"publish","type":"page","link":"https:\/\/www.orthochatou.fr\/index.php\/premiere-consultation\/","title":{"rendered":"Premi\u00e8re consultation"},"content":{"rendered":"<section class=\"premiere-consultation container py-5\" style=\"font-family:'PT Sans', sans-serif; line-height:1.6; color:#000;\">\n<header class=\"text-center mb-5\">\n<h2 style=\"color:#31cbe0;\">Premi\u00e8re consultation<\/h2>\n<\/header>\n<div style=\"background:#f9f9f9; border-radius:10px; padding:25px; margin-bottom:25px;\">\n<p>La premi\u00e8re consultation permet de faire connaissance avec le patient, de comprendre le motif de la visite et d\u2019identifier ses attentes.<\/p>\n<p>Lors de ce rendez-vous, l\u2019orthodontiste r\u00e9alise un premier diagnostic clinique succinct afin de d\u00e9terminer :<\/p>\n<ul style=\"padding-left:1.5em; margin-bottom:15px;\">\n<li>si un traitement orthodontique est n\u00e9cessaire,<\/li>\n<li>et quel est le moment le plus appropri\u00e9 pour le d\u00e9but du traitement.<\/li>\n<\/ul>\n<p>Si un traitement est envisag\u00e9, un bilan diagnostic complet sera propos\u00e9 lors d\u2019un rendez-vous ult\u00e9rieur. Ce bilan pourra inclure :<\/p>\n<ul style=\"padding-left:1.5em; margin-bottom:15px;\">\n<li>des empreintes dentaires,<\/li>\n<li>des radiographies,<\/li>\n<li>des photographies.<\/li>\n<\/ul>\n<p>Les diff\u00e9rentes options th\u00e9rapeutiques vous seront ensuite expliqu\u00e9es afin que vous puissiez choisir la solution la mieux adapt\u00e9e.<\/p>\n<p>Apr\u00e8s la prise de rendez-vous, vous recevrez une confirmation par mail pr\u00e9cisant la date et l\u2019heure de votre consultation.<\/p>\n<\/p><\/div>\n<div style=\"background:#f9f9f9; border-radius:10px; padding:25px; margin-bottom:25px;\">\n<h3>Documents \u00e0 apporter<\/h3>\n<ul style=\"padding-left:1.5em; margin-bottom:15px;\">\n<li>Pr\u00e9c\u00e9dentes radiographies dentaires,<\/li>\n<li>Carte Vitale ou attestation de votre organisme de protection sociale,<\/li>\n<li>Lettre de votre m\u00e9decin ou chirurgien-dentiste (si disponible).<\/li>\n<\/ul><\/div>\n<div style=\"background:#f9f9f9; border-radius:10px; padding:25px; margin-bottom:25px;\">\n<h3>Informations compl\u00e9mentaires<\/h3>\n<ul style=\"padding-left:1.5em; margin-bottom:15px;\">\n<li>Les traitements orthodontiques peuvent b\u00e9n\u00e9ficier d\u2019une prise en charge avant le 16\u1d49 anniversaire, sous r\u00e9serve d\u2019un accord pr\u00e9alable de la S\u00e9curit\u00e9 Sociale.<\/li>\n<li>Pour les enfants mineurs, la pr\u00e9sence d\u2019au moins un parent est obligatoire.<\/li>\n<\/ul><\/div>\n<\/section>\n","protected":false},"excerpt":{"rendered":"<p>Premi\u00e8re consultation La premi\u00e8re consultation permet de faire connaissance avec le patient, de comprendre le motif de la visite et d\u2019identifier ses attentes. Lors de ce rendez-vous, l\u2019orthodontiste r\u00e9alise un premier diagnostic clinique succinct afin de d\u00e9terminer : si un traitement orthodontique est n\u00e9cessaire, et quel est le moment le plus appropri\u00e9 pour le d\u00e9but [&hellip;]<\/p>\n","protected":false},"author":1,"featured_media":0,"parent":0,"menu_order":0,"comment_status":"closed","ping_status":"closed","template":"","meta":{"footnotes":""},"class_list":["post-474","page","type-page","status-publish","hentry"],"_links":{"self":[{"href":"https:\/\/www.orthochatou.fr\/index.php\/wp-json\/wp\/v2\/pages\/474","targetHints":{"allow":["GET"]}}],"collection":[{"href":"https:\/\/www.orthochatou.fr\/index.php\/wp-json\/wp\/v2\/pages"}],"about":[{"href":"https:\/\/www.orthochatou.fr\/index.php\/wp-json\/wp\/v2\/types\/page"}],"author":[{"embeddable":true,"href":"https:\/\/www.orthochatou.fr\/index.php\/wp-json\/wp\/v2\/users\/1"}],"replies":[{"embeddable":true,"href":"https:\/\/www.orthochatou.fr\/index.php\/wp-json\/wp\/v2\/comments?post=474"}],"version-history":[{"count":14,"href":"https:\/\/www.orthochatou.fr\/index.php\/wp-json\/wp\/v2\/pages\/474\/revisions"}],"predecessor-version":[{"id":722,"href":"https:\/\/www.orthochatou.fr\/index.php\/wp-json\/wp\/v2\/pages\/474\/revisions\/722"}],"wp:attachment":[{"href":"https:\/\/www.orthochatou.fr\/index.php\/wp-json\/wp\/v2\/media?parent=474"}],"curies":[{"name":"wp","href":"https:\/\/api.w.org\/{rel}","templated":true}]}}