{"id":564,"date":"2025-10-15T21:29:48","date_gmt":"2025-10-15T21:29:48","guid":{"rendered":"http:\/\/www.test.orthochatou.fr\/?page_id=564"},"modified":"2025-10-16T20:10:55","modified_gmt":"2025-10-16T20:10:55","slug":"nos-conseils","status":"publish","type":"page","link":"https:\/\/www.orthochatou.fr\/index.php\/nos-conseils\/","title":{"rendered":"Nos conseils"},"content":{"rendered":"<section class=\"videos-orthodontie container py-5\" style=\"font-family:'PT Sans', sans-serif; color:#000; line-height:1.6;\">\n<p>  <!-- Introduction g\u00e9n\u00e9rale --><\/p>\n<div class=\"text-center mb-5\" style=\"border:1px solid #ccc; border-radius:10px; padding:25px; background:#fff;\">\n<p style=\"font-size:18px;\">Vous retrouverez dans cette rubrique des vid\u00e9os publi\u00e9es par la <strong>F\u00e9d\u00e9ration Fran\u00e7aise d&rsquo;Orthodontie<\/strong>.<\/p>\n<p style=\"font-size:16px; margin-top:10px;\">Ludiques, elles vous permettront d&rsquo;en apprendre plus sur les traitements en orthodontie.<\/p>\n<\/p><\/div>\n<p>  <!-- Vid\u00e9o 1 --><\/p>\n<div class=\"mb-5\" style=\"border:1px solid #ccc; border-radius:10px; padding:15px; background:#fff;\">\n<h4 style=\"color:#31cbe0;\">Traitement orthodontique : les r\u00e8gles du succ\u00e8s<\/h4>\n<p class=\"text-justify\">La r\u00e9ussite du traitement orthodontique tient en 4 r\u00e8gles :<\/p>\n<ol style=\"padding-left:1.5em; font-size:16px;\">\n<li>\u00catre vigilant sur son alimentation<\/li>\n<li>Avoir une hygi\u00e8ne irr\u00e9prochable<\/li>\n<li>Ne manquer aucun RDV chez l\u2019orthodontiste<\/li>\n<li>Bien \u00e9couter et suivre les conseils de l\u2019orthodontiste<\/li>\n<\/ol>\n<div class=\"mt-3\">\n      <iframe loading=\"lazy\" width=\"100%\" height=\"400\" src=\"https:\/\/www.youtube.com\/embed\/5wX_RCJBR3w\" title=\"Traitement orthodontique: les r\u00e8gles du succ\u00e8s\" frameborder=\"0\" allowfullscreen style=\"border-radius:8px;\"><\/iframe>\n    <\/div>\n<\/p><\/div>\n<p>  <!-- S\u00e9parateur --><\/p>\n<hr style=\"border: none; border-top: 1px solid #eee; margin: 30px 0;\">\n<p>  <!-- Vid\u00e9o 2 --><\/p>\n<div class=\"mb-5\" style=\"border:1px solid #ccc; border-radius:10px; padding:15px; background:#fff;\">\n<h4 style=\"color:#31cbe0;\">Votre exp\u00e9rience des traitements : 20 ans d&rsquo;\u00e9volution<\/h4>\n<p class=\"text-justify\">Retrouvez dans cette vid\u00e9o 20 ans d&rsquo;\u00e9volution de l&rsquo;orthodontie, vus par les Fran\u00e7ais.<\/p>\n<div class=\"mt-3\">\n      <iframe loading=\"lazy\" width=\"100%\" height=\"400\" src=\"https:\/\/www.youtube.com\/embed\/Ki7i74fkEnE\" title=\"Votre exp\u00e9rience des traitements : 20 ans d'\u00e9volution\" frameborder=\"0\" allowfullscreen style=\"border-radius:8px;\"><\/iframe>\n    <\/div>\n<\/p><\/div>\n<p>  <!-- S\u00e9parateur --><\/p>\n<hr style=\"border: none; border-top: 1px solid #eee; margin: 30px 0;\">\n<p>  <!-- Vid\u00e9o 3 --><\/p>\n<div class=\"mb-5\" style=\"border:1px solid #ccc; border-radius:10px; padding:15px; background:#fff;\">\n<h4 style=\"color:#31cbe0;\">Comment \u00e9viter de casser son appareil ?<\/h4>\n<p class=\"text-justify\">D\u00e9couvrez les conseils d&rsquo;\u00c9tienne pour \u00e9viter d&rsquo;endommager votre appareil orthodontique.<\/p>\n<div class=\"mt-3\">\n      <iframe loading=\"lazy\" width=\"100%\" height=\"400\" src=\"https:\/\/www.youtube.com\/embed\/ARYAWWWR0jg\" title=\"Comment \u00e9viter de casser son appareil ?\" frameborder=\"0\" allowfullscreen style=\"border-radius:8px;\"><\/iframe>\n    <\/div>\n<\/p><\/div>\n<p>  <!-- Vid\u00e9o 4 --><\/p>\n<div class=\"mb-5\" style=\"border:1px solid #ccc; border-radius:10px; padding:15px; background:#fff;\">\n<h4 style=\"color:#31cbe0;\">Goutti\u00e8res d&rsquo;orthodontie : conseils, entretien<\/h4>\n<p class=\"text-justify\">Si votre orthodontiste vous a prescrit des goutti\u00e8res ou aligneurs, voici quelques conseils pour bien en prendre soin.<\/p>\n<div class=\"mt-3\">\n      <iframe loading=\"lazy\" width=\"100%\" height=\"400\" src=\"https:\/\/www.youtube.com\/embed\/_bsJ7fDZ0e4\" title=\"Goutti\u00e8res d'orthodontie : conseils, entretien\" frameborder=\"0\" allowfullscreen style=\"border-radius:8px;\"><\/iframe>\n    <\/div>\n<\/p><\/div>\n<p>  <!-- Vid\u00e9o 5 --><\/p>\n<div class=\"mb-5\" style=\"border:1px solid #ccc; border-radius:10px; padding:15px; background:#fff;\">\n<h4 style=\"color:#31cbe0;\">Conseils pour arr\u00eater la succion du pouce ou de la t\u00e9tine<\/h4>\n<p class=\"text-justify\">La F\u00e9d\u00e9ration Fran\u00e7aise d&rsquo;Orthodontie r\u00e9pond \u00e0 toutes vos questions sur l&rsquo;arr\u00eat de la succion du pouce ou de la t\u00e9tine.<\/p>\n<div class=\"mt-3\">\n      <iframe loading=\"lazy\" width=\"100%\" height=\"400\" src=\"https:\/\/www.youtube.com\/embed\/HE7KPIhPfuk\" title=\"Conseils pour arr\u00eater la succion du pouce ou de la t\u00e9tine\" frameborder=\"0\" allowfullscreen style=\"border-radius:8px;\"><\/iframe>\n    <\/div>\n<\/p><\/div>\n<p>  <!-- Vid\u00e9o 6 --><\/p>\n<div class=\"mb-5\" style=\"border:1px solid #ccc; border-radius:10px; padding:15px; background:#fff;\">\n<h4 style=\"color:#31cbe0;\">Conseils pour bien vivre avec un appareil dentaire<\/h4>\n<p class=\"text-justify\">D\u00e9couvrez des conseils pratiques pour vivre sereinement avec votre appareil dentaire.<\/p>\n<div class=\"mt-3\">\n      <iframe loading=\"lazy\" width=\"100%\" height=\"400\" src=\"https:\/\/www.youtube.com\/embed\/1dlzM_amNOQ\" title=\"Conseils pour bien vivre avec un appareil dentaire\" frameborder=\"0\" allowfullscreen style=\"border-radius:8px;\"><\/iframe>\n    <\/div>\n<\/p><\/div>\n<p>  <!-- Vid\u00e9o 7 --><\/p>\n<div class=\"mb-5\" style=\"border:1px solid #ccc; border-radius:10px; padding:15px; background:#fff;\">\n<h4 style=\"color:#31cbe0;\">Les erreurs \u00e0 \u00e9viter avec un appareil dentaire<\/h4>\n<p class=\"text-justify\">Apprenez quelles erreurs \u00e9viter pour garantir le succ\u00e8s de votre traitement orthodontique.<\/p>\n<div class=\"mt-3\">\n      <iframe loading=\"lazy\" width=\"100%\" height=\"400\" src=\"https:\/\/www.youtube.com\/embed\/_bsJ7fDZ0e4\" title=\"Les erreurs \u00e0 \u00e9viter avec un appareil dentaire\" frameborder=\"0\" allowfullscreen style=\"border-radius:8px;\"><\/iframe>\n    <\/div>\n<\/p><\/div>\n<p>  <!-- Vid\u00e9o 8 --><\/p>\n<div class=\"mb-5\" style=\"border:1px solid #ccc; border-radius:10px; padding:15px; background:#fff;\">\n<h4 style=\"color:#31cbe0;\">L&rsquo;importance de l&rsquo;hygi\u00e8ne bucco-dentaire avec un appareil<\/h4>\n<p class=\"text-justify\">D\u00e9couvrez pourquoi une bonne hygi\u00e8ne bucco-dentaire est essentielle pendant votre traitement orthodontique.<\/p>\n<div class=\"mt-3\">\n      <iframe loading=\"lazy\" width=\"100%\" height=\"400\" src=\"https:\/\/www.youtube.com\/embed\/HE7KPIhPfuk\" title=\"L'importance de l'hygi\u00e8ne bucco-dentaire avec un appareil\" frameborder=\"0\" allowfullscreen style=\"border-radius:8px;\"><\/iframe>\n    <\/div>\n<\/p><\/div>\n<\/section>\n","protected":false},"excerpt":{"rendered":"<p>Vous retrouverez dans cette rubrique des vid\u00e9os publi\u00e9es par la F\u00e9d\u00e9ration Fran\u00e7aise d&rsquo;Orthodontie. Ludiques, elles vous permettront d&rsquo;en apprendre plus sur les traitements en orthodontie. Traitement orthodontique : les r\u00e8gles du succ\u00e8s La r\u00e9ussite du traitement orthodontique tient en 4 r\u00e8gles : \u00catre vigilant sur son alimentation Avoir une hygi\u00e8ne irr\u00e9prochable Ne manquer aucun RDV [&hellip;]<\/p>\n","protected":false},"author":1,"featured_media":0,"parent":0,"menu_order":0,"comment_status":"closed","ping_status":"closed","template":"","meta":{"footnotes":""},"class_list":["post-564","page","type-page","status-publish","hentry"],"_links":{"self":[{"href":"https:\/\/www.orthochatou.fr\/index.php\/wp-json\/wp\/v2\/pages\/564","targetHints":{"allow":["GET"]}}],"collection":[{"href":"https:\/\/www.orthochatou.fr\/index.php\/wp-json\/wp\/v2\/pages"}],"about":[{"href":"https:\/\/www.orthochatou.fr\/index.php\/wp-json\/wp\/v2\/types\/page"}],"author":[{"embeddable":true,"href":"https:\/\/www.orthochatou.fr\/index.php\/wp-json\/wp\/v2\/users\/1"}],"replies":[{"embeddable":true,"href":"https:\/\/www.orthochatou.fr\/index.php\/wp-json\/wp\/v2\/comments?post=564"}],"version-history":[{"count":5,"href":"https:\/\/www.orthochatou.fr\/index.php\/wp-json\/wp\/v2\/pages\/564\/revisions"}],"predecessor-version":[{"id":590,"href":"https:\/\/www.orthochatou.fr\/index.php\/wp-json\/wp\/v2\/pages\/564\/revisions\/590"}],"wp:attachment":[{"href":"https:\/\/www.orthochatou.fr\/index.php\/wp-json\/wp\/v2\/media?parent=564"}],"curies":[{"name":"wp","href":"https:\/\/api.w.org\/{rel}","templated":true}]}}